{"id":266113,"date":"2026-02-24T14:15:26","date_gmt":"2026-02-24T13:15:26","guid":{"rendered":"https:\/\/dev2026.dunimmo.ch\/about-us\/"},"modified":"2026-03-06T00:16:34","modified_gmt":"2026-03-05T23:16:34","slug":"about-us","status":"publish","type":"page","link":"https:\/\/dev2026.dunimmo.ch\/en\/about-us\/","title":{"rendered":"About us"},"content":{"rendered":"<p>[et_pb_section fb_built=&#8221;1&#8243; admin_label=&#8221;Services&#8221; _builder_version=&#8221;4.27.5&#8243; _module_preset=&#8221;default&#8221; custom_margin=&#8221;30px||50px||false|false&#8221; custom_padding=&#8221;|30px||30px|false|false&#8221; collapsed=&#8221;on&#8221; global_colors_info=&#8221;{}&#8221;][et_pb_row column_structure=&#8221;1_2,1_2&#8243; _builder_version=&#8221;4.27.5&#8243; _module_preset=&#8221;default&#8221; width=&#8221;100%&#8221; max_width=&#8221;1170px&#8221; global_colors_info=&#8221;{}&#8221;][et_pb_column type=&#8221;1_2&#8243; _builder_version=&#8221;4.27.0&#8243; _module_preset=&#8221;default&#8221; custom_padding=&#8221;0px||||false|false&#8221; global_colors_info=&#8221;{}&#8221;][et_pb_text _builder_version=&#8221;4.27.5&#8243; _module_preset=&#8221;d1ca90e8-6834-4f2c-9757-a1396d99c1ab&#8221; text_text_color=&#8221;#DBDBDB&#8221; header_font=&#8221;Prata||||||||&#8221; header_text_color=&#8221;#000000&#8243; header_font_size=&#8221;50px&#8221; header_line_height=&#8221;1.2em&#8221; header_2_text_color=&#8221;#DBDBDB&#8221; header_3_text_color=&#8221;#DBDBDB&#8221; header_4_text_color=&#8221;#DBDBDB&#8221; header_5_text_color=&#8221;#DBDBDB&#8221; header_6_text_color=&#8221;#DBDBDB&#8221; custom_margin=&#8221;||||false|false&#8221; hover_enabled=&#8221;0&#8243; header_font_size_tablet=&#8221;24px&#8221; header_font_size_phone=&#8221;24px&#8221; header_font_size_last_edited=&#8221;on|phone&#8221; global_colors_info=&#8221;{}&#8221; sticky_enabled=&#8221;0&#8243;]<\/p>\n<h1>About Dunimmo<\/h1>\n<p>[\/et_pb_text][et_pb_text module_class=&#8221;txtlinkblue&#8221; _builder_version=&#8221;4.27.5&#8243; _module_preset=&#8221;2026892b-465b-4311-89bb-d4415574a85d&#8221; text_text_color=&#8221;#000000&#8243; text_font_size=&#8221;16px&#8221; text_line_height=&#8221;1.6em&#8221; header_text_color=&#8221;#DBDBDB&#8221; header_2_font=&#8221;Open Sans||||||||&#8221; header_2_text_color=&#8221;#FFFFFF&#8221; header_2_font_size=&#8221;18px&#8221; header_3_text_color=&#8221;#DBDBDB&#8221; header_4_text_color=&#8221;#DBDBDB&#8221; header_5_text_color=&#8221;#DBDBDB&#8221; header_6_text_color=&#8221;#DBDBDB&#8221; max_width=&#8221;800px&#8221; custom_margin=&#8221;30px||50px||false|false&#8221; custom_margin_tablet=&#8221;15px||30px||false|false&#8221; custom_margin_phone=&#8221;15px||30px||false|false&#8221; custom_margin_last_edited=&#8221;on|phone&#8221; custom_padding=&#8221;||||false|false&#8221; header_2_font_size_tablet=&#8221;15px&#8221; header_2_font_size_phone=&#8221;15px&#8221; header_2_font_size_last_edited=&#8221;on|phone&#8221; global_colors_info=&#8221;{}&#8221;]<\/p>\n<p>Founded in 2018 by Nicolas Ducret, Dunimmo is an independent real estate structure active in the canton of Vaud. The business focuses on real estate brokerage and property development, both for its own projects and on behalf of landowners wishing to enhance the value of their property. Nicolas Ducret holds professional certifications in real estate brokerage and development, obtained from the USPI. His approach is structured and factual, adapted to the regulatory framework and realities of the Vaud market. <a href=\"https:\/\/dev2026.dunimmo.ch\/en\/achievements-projects\/\">Each project<\/a> is analyzed in its entirety, taking into account legal, financial and human issues, with personal guidance at every stage. Our work is based on rigor, responsibility and clear communication, with a view to ensuring the long-term coherence of the real estate project.   <\/p>\n<p>[\/et_pb_text][\/et_pb_column][et_pb_column type=&#8221;1_2&#8243; _builder_version=&#8221;4.22.0&#8243; _module_preset=&#8221;default&#8221; global_colors_info=&#8221;{}&#8221;][et_pb_image src=&#8221;https:\/\/dev2026.dunimmo.ch\/wp-content\/uploads\/2026\/03\/A-propos-de-Dunimmo.webp&#8221; title_text=&#8221;About Dunimmo&#8221; force_fullwidth=&#8221;on&#8221; module_class=&#8221;imgcustom2&#8243; _builder_version=&#8221;4.27.5&#8243; _module_preset=&#8221;default&#8221; hover_enabled=&#8221;0&#8243; border_radii=&#8221;on|27px|27px|27px|27px&#8221; global_colors_info=&#8221;{}&#8221; sticky_enabled=&#8221;0&#8243;][\/et_pb_image][\/et_pb_column][\/et_pb_row][\/et_pb_section]<\/p>\n","protected":false},"excerpt":{"rendered":"<p>About DunimmoFounded in 2018 by Nicolas Ducret, Dunimmo is an independent real estate structure active in the canton of Vaud. The business focuses on real estate brokerage and property development, both for its own projects and on behalf of landowners wishing to enhance the value of their property. Nicolas Ducret holds professional certifications in real estate brokerage and development, obtained from the USPI. His approach is structured and factual, adapted to the regulatory framework and realities of the Vaud market. Each project is analyzed in its entirety, taking into account legal, financial and human issues, with personal guidance at every stage. Our work is based on rigor, responsibility and clear communication, with a view to ensuring the long-term coherence of the real estate project.<\/p>\n","protected":false},"author":1,"featured_media":0,"parent":0,"menu_order":0,"comment_status":"closed","ping_status":"closed","template":"","meta":{"_et_pb_use_builder":"on","_et_pb_old_content":"","_et_gb_content_width":"","inline_featured_image":false,"footnotes":""},"class_list":["post-266113","page","type-page","status-publish","hentry"],"acf":[],"yoast_head":"<!-- This site is optimized with the Yoast SEO plugin v26.9 - https:\/\/yoast.com\/product\/yoast-seo-wordpress\/ -->\n<title>About us - DUNIMMO - Agence immobili\u00e8re \u00e0 Lausanne<\/title>\n<meta name=\"robots\" content=\"noindex, follow, max-snippet:-1, max-image-preview:large, max-video-preview:-1\" \/>\n<meta property=\"og:locale\" content=\"en_US\" \/>\n<meta property=\"og:type\" content=\"article\" \/>\n<meta property=\"og:title\" content=\"About us - DUNIMMO - Agence immobili\u00e8re \u00e0 Lausanne\" \/>\n<meta property=\"og:description\" content=\"About DunimmoFounded in 2018 by Nicolas Ducret, Dunimmo is an independent real estate structure active in the canton of Vaud. The business focuses on real estate brokerage and property development, both for its own projects and on behalf of landowners wishing to enhance the value of their property. Nicolas Ducret holds professional certifications in real estate brokerage and development, obtained from the USPI. His approach is structured and factual, adapted to the regulatory framework and realities of the Vaud market. Each project is analyzed in its entirety, taking into account legal, financial and human issues, with personal guidance at every stage. Our work is based on rigor, responsibility and clear communication, with a view to ensuring the long-term coherence of the real estate project.\" \/>\n<meta property=\"og:url\" content=\"https:\/\/dev2026.dunimmo.ch\/en\/about-us\/\" \/>\n<meta property=\"og:site_name\" content=\"DUNIMMO - Agence immobili\u00e8re \u00e0 Lausanne\" \/>\n<meta property=\"article:modified_time\" content=\"2026-03-05T23:16:34+00:00\" \/>\n<meta name=\"twitter:card\" content=\"summary_large_image\" \/>\n<meta name=\"twitter:label1\" content=\"Est. reading time\" \/>\n\t<meta name=\"twitter:data1\" content=\"2 minutes\" \/>\n<script type=\"application\/ld+json\" class=\"yoast-schema-graph\">{\"@context\":\"https:\/\/schema.org\",\"@graph\":[{\"@type\":\"WebPage\",\"@id\":\"https:\/\/dev2026.dunimmo.ch\/en\/about-us\/\",\"url\":\"https:\/\/dev2026.dunimmo.ch\/en\/about-us\/\",\"name\":\"About us - DUNIMMO - Agence immobili\u00e8re \u00e0 Lausanne\",\"isPartOf\":{\"@id\":\"https:\/\/dev2026.dunimmo.ch\/en\/#website\"},\"datePublished\":\"2026-02-24T13:15:26+00:00\",\"dateModified\":\"2026-03-05T23:16:34+00:00\",\"breadcrumb\":{\"@id\":\"https:\/\/dev2026.dunimmo.ch\/en\/about-us\/#breadcrumb\"},\"inLanguage\":\"en-US\",\"potentialAction\":[{\"@type\":\"ReadAction\",\"target\":[\"https:\/\/dev2026.dunimmo.ch\/en\/about-us\/\"]}]},{\"@type\":\"BreadcrumbList\",\"@id\":\"https:\/\/dev2026.dunimmo.ch\/en\/about-us\/#breadcrumb\",\"itemListElement\":[{\"@type\":\"ListItem\",\"position\":1,\"name\":\"Accueil\",\"item\":\"https:\/\/dev2026.dunimmo.ch\/en\/dunimmo\/\"},{\"@type\":\"ListItem\",\"position\":2,\"name\":\"About us\"}]},{\"@type\":\"WebSite\",\"@id\":\"https:\/\/dev2026.dunimmo.ch\/en\/#website\",\"url\":\"https:\/\/dev2026.dunimmo.ch\/en\/\",\"name\":\"DUNIMMO - Agence immobili\u00e8re \u00e0 Lausanne\",\"description\":\"Votre r\u00eave, notre m\u00e9tier\",\"potentialAction\":[{\"@type\":\"SearchAction\",\"target\":{\"@type\":\"EntryPoint\",\"urlTemplate\":\"https:\/\/dev2026.dunimmo.ch\/en\/?s={search_term_string}\"},\"query-input\":{\"@type\":\"PropertyValueSpecification\",\"valueRequired\":true,\"valueName\":\"search_term_string\"}}],\"inLanguage\":\"en-US\"}]}<\/script>\n<!-- \/ Yoast SEO plugin. -->","yoast_head_json":{"title":"About us - DUNIMMO - Agence immobili\u00e8re \u00e0 Lausanne","robots":{"index":"noindex","follow":"follow","max-snippet":"max-snippet:-1","max-image-preview":"max-image-preview:large","max-video-preview":"max-video-preview:-1"},"og_locale":"en_US","og_type":"article","og_title":"About us - DUNIMMO - Agence immobili\u00e8re \u00e0 Lausanne","og_description":"About DunimmoFounded in 2018 by Nicolas Ducret, Dunimmo is an independent real estate structure active in the canton of Vaud. The business focuses on real estate brokerage and property development, both for its own projects and on behalf of landowners wishing to enhance the value of their property. Nicolas Ducret holds professional certifications in real estate brokerage and development, obtained from the USPI. His approach is structured and factual, adapted to the regulatory framework and realities of the Vaud market. Each project is analyzed in its entirety, taking into account legal, financial and human issues, with personal guidance at every stage. Our work is based on rigor, responsibility and clear communication, with a view to ensuring the long-term coherence of the real estate project.","og_url":"https:\/\/dev2026.dunimmo.ch\/en\/about-us\/","og_site_name":"DUNIMMO - Agence immobili\u00e8re \u00e0 Lausanne","article_modified_time":"2026-03-05T23:16:34+00:00","twitter_card":"summary_large_image","twitter_misc":{"Est. reading time":"2 minutes"},"schema":{"@context":"https:\/\/schema.org","@graph":[{"@type":"WebPage","@id":"https:\/\/dev2026.dunimmo.ch\/en\/about-us\/","url":"https:\/\/dev2026.dunimmo.ch\/en\/about-us\/","name":"About us - DUNIMMO - Agence immobili\u00e8re \u00e0 Lausanne","isPartOf":{"@id":"https:\/\/dev2026.dunimmo.ch\/en\/#website"},"datePublished":"2026-02-24T13:15:26+00:00","dateModified":"2026-03-05T23:16:34+00:00","breadcrumb":{"@id":"https:\/\/dev2026.dunimmo.ch\/en\/about-us\/#breadcrumb"},"inLanguage":"en-US","potentialAction":[{"@type":"ReadAction","target":["https:\/\/dev2026.dunimmo.ch\/en\/about-us\/"]}]},{"@type":"BreadcrumbList","@id":"https:\/\/dev2026.dunimmo.ch\/en\/about-us\/#breadcrumb","itemListElement":[{"@type":"ListItem","position":1,"name":"Accueil","item":"https:\/\/dev2026.dunimmo.ch\/en\/dunimmo\/"},{"@type":"ListItem","position":2,"name":"About us"}]},{"@type":"WebSite","@id":"https:\/\/dev2026.dunimmo.ch\/en\/#website","url":"https:\/\/dev2026.dunimmo.ch\/en\/","name":"DUNIMMO - Agence immobili\u00e8re \u00e0 Lausanne","description":"Votre r\u00eave, notre m\u00e9tier","potentialAction":[{"@type":"SearchAction","target":{"@type":"EntryPoint","urlTemplate":"https:\/\/dev2026.dunimmo.ch\/en\/?s={search_term_string}"},"query-input":{"@type":"PropertyValueSpecification","valueRequired":true,"valueName":"search_term_string"}}],"inLanguage":"en-US"}]}},"_links":{"self":[{"href":"https:\/\/dev2026.dunimmo.ch\/en\/wp-json\/wp\/v2\/pages\/266113","targetHints":{"allow":["GET"]}}],"collection":[{"href":"https:\/\/dev2026.dunimmo.ch\/en\/wp-json\/wp\/v2\/pages"}],"about":[{"href":"https:\/\/dev2026.dunimmo.ch\/en\/wp-json\/wp\/v2\/types\/page"}],"author":[{"embeddable":true,"href":"https:\/\/dev2026.dunimmo.ch\/en\/wp-json\/wp\/v2\/users\/1"}],"replies":[{"embeddable":true,"href":"https:\/\/dev2026.dunimmo.ch\/en\/wp-json\/wp\/v2\/comments?post=266113"}],"version-history":[{"count":21,"href":"https:\/\/dev2026.dunimmo.ch\/en\/wp-json\/wp\/v2\/pages\/266113\/revisions"}],"predecessor-version":[{"id":266392,"href":"https:\/\/dev2026.dunimmo.ch\/en\/wp-json\/wp\/v2\/pages\/266113\/revisions\/266392"}],"wp:attachment":[{"href":"https:\/\/dev2026.dunimmo.ch\/en\/wp-json\/wp\/v2\/media?parent=266113"}],"curies":[{"name":"wp","href":"https:\/\/api.w.org\/{rel}","templated":true}]}}